{"id":17,"date":"2023-01-26T23:19:40","date_gmt":"2023-01-26T12:19:40","guid":{"rendered":"http:\/\/exefluides.com\/?page_id=17"},"modified":"2023-01-27T17:33:31","modified_gmt":"2023-01-27T06:33:31","slug":"17-2","status":"publish","type":"page","link":"https:\/\/exefluides.com\/","title":{"rendered":"Accueil"},"content":{"rendered":"\n<ol class=\"wp-block-list\" type=\"1\">\n<li><\/li>\n<\/ol>\n\n\n\n<pre class=\"wp-block-preformatted has-primary-background-color has-background\"><strong>PRESENTATION<\/strong>                                \nSitu\u00e9 \u00e0 Noum\u00e9a, en Nouvelle-Cal\u00e9donie, le bureau d\u2019\u00e9tudes EXE FLUIDES a \u00e9t\u00e9 cr\u00e9\u00e9 en juillet 2013 afin d\u2019apporter une expertise dans le domaine des fluides aux maitres d\u2019ouvrage dans le cadre de missions de maitrise d\u2019\u0153uvre ainsi qu\u2019aux entreprises dans le cadre de mission d\u2019ex\u00e9cution. Les points forts de cette soci\u00e9t\u00e9 sont la r\u00e9activit\u00e9, le professionnalisme et la recherche de solutions adapt\u00e9es aux besoins et aux contraintes inh\u00e9rents \u00e0 chaque projet.<\/pre>\n\n\n\n<pre class=\"wp-block-preformatted has-primary-background-color has-background\"><strong>PRESENTATION<\/strong>                                \nSitu\u00e9 \u00e0 Noum\u00e9a, en Nouvelle-Cal\u00e9donie, le bureau d\u2019\u00e9tudes EXE FLUIDES a \u00e9t\u00e9 cr\u00e9\u00e9 en juillet 2013 afin d\u2019apporter une expertise dans le domaine des fluides aux maitres d\u2019ouvrage dans le cadre de missions de maitrise d\u2019\u0153uvre ainsi qu\u2019aux entreprises dans le cadre de mission d\u2019ex\u00e9cution. Les points forts de cette soci\u00e9t\u00e9 sont la r\u00e9activit\u00e9, le professionnalisme et la recherche de solutions adapt\u00e9es aux besoins et aux contraintes inh\u00e9rents \u00e0 chaque projet.<\/pre>\n\n\n\n<h2 class=\"alignwide has-primary-background-color has-background has-large-font-size wp-block-heading\" id=\"we-re-a-studio-in-berlin-with-an-international-practice-in-architecture-urban-planning-and-interior-design-we-believe-in-sharing-knowledge-and-promoting-dialogue-to-increase-the-creative-potential-of-collaboration\" style=\"line-height:1.1\"><strong>PRESENTATION<\/strong> Situ\u00e9 \u00e0 Noum\u00e9a, en Nouvelle-Cal\u00e9donie, le bureau d\u2019\u00e9tudes EXE FLUIDES a \u00e9t\u00e9 cr\u00e9\u00e9 en juillet 2013 afin d\u2019apporter une expertise dans le domaine des fluides aux maitres d\u2019ouvrage dans le cadre de missions de maitrise d\u2019\u0153uvre ainsi qu\u2019aux entreprises dans le cadre de mission d\u2019ex\u00e9cution. Les points forts de cette soci\u00e9t\u00e9 sont la r\u00e9activit\u00e9, le professionnalisme et la recherche de solutions adapt\u00e9es aux besoins et aux contraintes inh\u00e9rents \u00e0 chaque projet.<\/h2>\n","protected":false},"excerpt":{"rendered":"<p>PRESENTATION Situ\u00e9 \u00e0 Noum\u00e9a, en Nouvelle-Cal\u00e9donie, le bureau d\u2019\u00e9tudes EXE FLUIDES a \u00e9t\u00e9 cr\u00e9\u00e9 en juillet 2013 afin d\u2019apporter une expertise dans le domaine des fluides aux maitres d\u2019ouvrage dans le cadre de missions de maitrise d\u2019\u0153uvre ainsi qu\u2019aux entreprises dans le cadre de mission d\u2019ex\u00e9cution. Les points forts de cette soci\u00e9t\u00e9 sont la r\u00e9activit\u00e9, [&hellip;]<\/p>\n","protected":false},"author":1,"featured_media":0,"parent":0,"menu_order":0,"comment_status":"closed","ping_status":"closed","template":"","meta":{"footnotes":""},"class_list":["post-17","page","type-page","status-publish","hentry"],"_links":{"self":[{"href":"https:\/\/exefluides.com\/index.php\/wp-json\/wp\/v2\/pages\/17","targetHints":{"allow":["GET"]}}],"collection":[{"href":"https:\/\/exefluides.com\/index.php\/wp-json\/wp\/v2\/pages"}],"about":[{"href":"https:\/\/exefluides.com\/index.php\/wp-json\/wp\/v2\/types\/page"}],"author":[{"embeddable":true,"href":"https:\/\/exefluides.com\/index.php\/wp-json\/wp\/v2\/users\/1"}],"replies":[{"embeddable":true,"href":"https:\/\/exefluides.com\/index.php\/wp-json\/wp\/v2\/comments?post=17"}],"version-history":[{"count":15,"href":"https:\/\/exefluides.com\/index.php\/wp-json\/wp\/v2\/pages\/17\/revisions"}],"predecessor-version":[{"id":111,"href":"https:\/\/exefluides.com\/index.php\/wp-json\/wp\/v2\/pages\/17\/revisions\/111"}],"wp:attachment":[{"href":"https:\/\/exefluides.com\/index.php\/wp-json\/wp\/v2\/media?parent=17"}],"curies":[{"name":"wp","href":"https:\/\/api.w.org\/{rel}","templated":true}]}}